{"id":3441,"date":"2022-03-16T17:03:20","date_gmt":"2022-03-16T16:03:20","guid":{"rendered":"https:\/\/courdesnobles.com\/nachrichten-2\/"},"modified":"2022-08-11T15:36:29","modified_gmt":"2022-08-11T13:36:29","slug":"nachrichten-2","status":"publish","type":"page","link":"https:\/\/courdesnobles.com\/de\/nachrichten-2\/","title":{"rendered":"Nachrichten"},"content":{"rendered":"\t\t<div data-elementor-type=\"wp-page\" data-elementor-id=\"3441\" class=\"elementor elementor-3441 elementor-1868\" data-elementor-post-type=\"page\">\n\t\t\t\t\t\t<section class=\"elementor-section elementor-top-section elementor-element elementor-element-58f8250 elementor-section-boxed elementor-section-height-default elementor-section-height-default\" data-id=\"58f8250\" data-element_type=\"section\" data-e-type=\"section\">\n\t\t\t\t\t\t<div class=\"elementor-container elementor-column-gap-default\">\n\t\t\t\t\t<div class=\"elementor-column elementor-col-100 elementor-top-column elementor-element elementor-element-7dd4753\" data-id=\"7dd4753\" data-element_type=\"column\" data-e-type=\"column\">\n\t\t\t<div class=\"elementor-widget-wrap elementor-element-populated\">\n\t\t\t\t\t\t<div class=\"elementor-element elementor-element-022e25c elementor-widget elementor-widget-heading\" data-id=\"022e25c\" data-element_type=\"widget\" data-e-type=\"widget\" data-widget_type=\"heading.default\">\n\t\t\t\t\t<h1 class=\"elementor-heading-title elementor-size-default\">Nachrichten<\/h1>\t\t\t\t<\/div>\n\t\t\t\t<div class=\"elementor-element elementor-element-5b761ef elementor-grid-3 elementor-grid-tablet-2 elementor-grid-mobile-1 elementor-posts--thumbnail-top elementor-card-shadow-yes elementor-posts__hover-gradient elementor-widget elementor-widget-posts\" data-id=\"5b761ef\" data-element_type=\"widget\" data-e-type=\"widget\" data-settings=\"{&quot;cards_columns&quot;:&quot;3&quot;,&quot;cards_columns_tablet&quot;:&quot;2&quot;,&quot;cards_columns_mobile&quot;:&quot;1&quot;,&quot;cards_row_gap&quot;:{&quot;unit&quot;:&quot;px&quot;,&quot;size&quot;:35,&quot;sizes&quot;:[]},&quot;cards_row_gap_tablet&quot;:{&quot;unit&quot;:&quot;px&quot;,&quot;size&quot;:&quot;&quot;,&quot;sizes&quot;:[]},&quot;cards_row_gap_mobile&quot;:{&quot;unit&quot;:&quot;px&quot;,&quot;size&quot;:&quot;&quot;,&quot;sizes&quot;:[]}}\" data-widget_type=\"posts.cards\">\n\t\t\t\t<div class=\"elementor-widget-container\">\n\t\t\t\t\t\t\t<div class=\"elementor-posts-container elementor-posts elementor-posts--skin-cards elementor-grid\" role=\"list\">\n\t\t\t\t<article class=\"elementor-post elementor-grid-item post-1726 post type-post status-publish format-standard has-post-thumbnail hentry category-nachrichten\" role=\"listitem\">\n\t\t\t<div class=\"elementor-post__card\">\n\t\t\t\t<a class=\"elementor-post__thumbnail__link\" href=\"https:\/\/courdesnobles.com\/de\/knepfelfach\/\" tabindex=\"-1\" ><div class=\"elementor-post__thumbnail\"><img fetchpriority=\"high\" decoding=\"async\" width=\"768\" height=\"357\" src=\"https:\/\/courdesnobles.com\/wp-content\/uploads\/2020\/03\/riquewihr-knepfelfacht-2018f-1140x530-1-768x357.jpg\" class=\"attachment-medium_large size-medium_large wp-image-1681\" alt=\"\" srcset=\"https:\/\/courdesnobles.com\/wp-content\/uploads\/2020\/03\/riquewihr-knepfelfacht-2018f-1140x530-1-768x357.jpg 768w, https:\/\/courdesnobles.com\/wp-content\/uploads\/2020\/03\/riquewihr-knepfelfacht-2018f-1140x530-1-300x139.jpg 300w, https:\/\/courdesnobles.com\/wp-content\/uploads\/2020\/03\/riquewihr-knepfelfacht-2018f-1140x530-1-1024x476.jpg 1024w, https:\/\/courdesnobles.com\/wp-content\/uploads\/2020\/03\/riquewihr-knepfelfacht-2018f-1140x530-1-400x186.jpg 400w, https:\/\/courdesnobles.com\/wp-content\/uploads\/2020\/03\/riquewihr-knepfelfacht-2018f-1140x530-1.jpg 1140w\" sizes=\"(max-width: 768px) 100vw, 768px\" \/><\/div><\/a>\n\t\t\t\t<div class=\"elementor-post__text\">\n\t\t\t\t<h3 class=\"elementor-post__title\">\n\t\t\t<a href=\"https:\/\/courdesnobles.com\/de\/knepfelfach\/\" >\n\t\t\t\tKnepfelfacht\t\t\t<\/a>\n\t\t<\/h3>\n\t\t\t\t<div class=\"elementor-post__excerpt\">\n\t\t\t<p>&#13; Die Knepfelfacht ist eine gro\u00dfe Party in Riquewihr mit Unterhaltung, Verkostungen, aber vor allem einem Dutzend Koch- und Winzerpaaren, die Essens- und Weinpaarungen rund<\/p>\n\t\t<\/div>\n\t\t\n\t\t<a class=\"elementor-post__read-more\" href=\"https:\/\/courdesnobles.com\/de\/knepfelfach\/\" aria-label=\"Mehr \u00fcber Knepfelfacht\" tabindex=\"-1\" >\n\t\t\tWeiterlesen \"\t\t<\/a>\n\n\t\t\t\t<\/div>\n\t\t\t\t\t<\/div>\n\t\t<\/article>\n\t\t\t\t<article class=\"elementor-post elementor-grid-item post-1727 post type-post status-publish format-standard has-post-thumbnail hentry category-nachrichten\" role=\"listitem\">\n\t\t\t<div class=\"elementor-post__card\">\n\t\t\t\t<a class=\"elementor-post__thumbnail__link\" href=\"https:\/\/courdesnobles.com\/de\/venezianische-parade\/\" tabindex=\"-1\" ><div class=\"elementor-post__thumbnail\"><img decoding=\"async\" width=\"768\" height=\"512\" src=\"https:\/\/courdesnobles.com\/wp-content\/uploads\/2020\/03\/IMG_3598-768x512.jpg\" class=\"attachment-medium_large size-medium_large wp-image-1683\" alt=\"\" srcset=\"https:\/\/courdesnobles.com\/wp-content\/uploads\/2020\/03\/IMG_3598-768x512.jpg 768w, https:\/\/courdesnobles.com\/wp-content\/uploads\/2020\/03\/IMG_3598-300x200.jpg 300w, https:\/\/courdesnobles.com\/wp-content\/uploads\/2020\/03\/IMG_3598-1024x683.jpg 1024w, https:\/\/courdesnobles.com\/wp-content\/uploads\/2020\/03\/IMG_3598-1536x1024.jpg 1536w, https:\/\/courdesnobles.com\/wp-content\/uploads\/2020\/03\/IMG_3598-2048x1365.jpg 2048w, https:\/\/courdesnobles.com\/wp-content\/uploads\/2020\/03\/IMG_3598-400x267.jpg 400w, https:\/\/courdesnobles.com\/wp-content\/uploads\/2020\/03\/IMG_3598-1650x1100.jpg 1650w\" sizes=\"(max-width: 768px) 100vw, 768px\" \/><\/div><\/a>\n\t\t\t\t<div class=\"elementor-post__text\">\n\t\t\t\t<h3 class=\"elementor-post__title\">\n\t\t\t<a href=\"https:\/\/courdesnobles.com\/de\/venezianische-parade\/\" >\n\t\t\t\tVenezianische Parade\t\t\t<\/a>\n\t\t<\/h3>\n\t\t\t\t<div class=\"elementor-post__excerpt\">\n\t\t\t<p>&#13; Der venezianische Karneval von Riquewihr nimmt Sie mit auf eine Reise durch das wundersch\u00f6ne Venedig mit seinen Kost\u00fcmen, die direkt aus einem M\u00e4rchen stammen.<\/p>\n\t\t<\/div>\n\t\t\n\t\t<a class=\"elementor-post__read-more\" href=\"https:\/\/courdesnobles.com\/de\/venezianische-parade\/\" aria-label=\"Mehr \u00fcber Venezianische Parade\" tabindex=\"-1\" >\n\t\t\tWeiterlesen \"\t\t<\/a>\n\n\t\t\t\t<\/div>\n\t\t\t\t\t<\/div>\n\t\t<\/article>\n\t\t\t\t<article class=\"elementor-post elementor-grid-item post-1725 post type-post status-publish format-standard has-post-thumbnail hentry category-nachrichten\" role=\"listitem\">\n\t\t\t<div class=\"elementor-post__card\">\n\t\t\t\t<a class=\"elementor-post__thumbnail__link\" href=\"https:\/\/courdesnobles.com\/de\/elsaesser-weinstrasse\/\" tabindex=\"-1\" ><div class=\"elementor-post__thumbnail\"><img decoding=\"async\" width=\"768\" height=\"432\" src=\"https:\/\/courdesnobles.com\/wp-content\/uploads\/2020\/03\/Riquewihr-Route-Vins-Alsace-768x432.jpg\" class=\"attachment-medium_large size-medium_large wp-image-1693\" alt=\"\" srcset=\"https:\/\/courdesnobles.com\/wp-content\/uploads\/2020\/03\/Riquewihr-Route-Vins-Alsace-768x432.jpg 768w, https:\/\/courdesnobles.com\/wp-content\/uploads\/2020\/03\/Riquewihr-Route-Vins-Alsace-300x169.jpg 300w, https:\/\/courdesnobles.com\/wp-content\/uploads\/2020\/03\/Riquewihr-Route-Vins-Alsace-1024x576.jpg 1024w, https:\/\/courdesnobles.com\/wp-content\/uploads\/2020\/03\/Riquewihr-Route-Vins-Alsace-1536x864.jpg 1536w, https:\/\/courdesnobles.com\/wp-content\/uploads\/2020\/03\/Riquewihr-Route-Vins-Alsace-400x225.jpg 400w, https:\/\/courdesnobles.com\/wp-content\/uploads\/2020\/03\/Riquewihr-Route-Vins-Alsace.jpg 1920w\" sizes=\"(max-width: 768px) 100vw, 768px\" \/><\/div><\/a>\n\t\t\t\t<div class=\"elementor-post__text\">\n\t\t\t\t<h3 class=\"elementor-post__title\">\n\t\t\t<a href=\"https:\/\/courdesnobles.com\/de\/elsaesser-weinstrasse\/\" >\n\t\t\t\tEls\u00e4sser Weinstra\u00dfe\t\t\t<\/a>\n\t\t<\/h3>\n\t\t\t\t<div class=\"elementor-post__excerpt\">\n\t\t\t<p>Eine einzigartige Reiseroute in FrankreichDie 1953 eingeweihte Els\u00e4sser Weinstra\u00dfe ist eine der \u00e4ltesten Weinstra\u00dfen Frankreichs. Das ganze Jahr \u00fcber bietet es seinen Besuchern, Anf\u00e4ngern oder<\/p>\n\t\t<\/div>\n\t\t\n\t\t<a class=\"elementor-post__read-more\" href=\"https:\/\/courdesnobles.com\/de\/elsaesser-weinstrasse\/\" aria-label=\"Mehr \u00fcber Els\u00e4sser Weinstra\u00dfe\" tabindex=\"-1\" >\n\t\t\tWeiterlesen \"\t\t<\/a>\n\n\t\t\t\t<\/div>\n\t\t\t\t\t<\/div>\n\t\t<\/article>\n\t\t\t\t<article class=\"elementor-post elementor-grid-item post-1724 post type-post status-publish format-standard has-post-thumbnail hentry category-weinachtsmarkt\" role=\"listitem\">\n\t\t\t<div class=\"elementor-post__card\">\n\t\t\t\t<a class=\"elementor-post__thumbnail__link\" href=\"https:\/\/courdesnobles.com\/de\/die-spur-der-aromen\/\" tabindex=\"-1\" ><div class=\"elementor-post__thumbnail\"><img loading=\"lazy\" decoding=\"async\" width=\"768\" height=\"576\" src=\"https:\/\/courdesnobles.com\/wp-content\/uploads\/2020\/03\/lescomp\u00e8res-768x576.jpg\" class=\"attachment-medium_large size-medium_large wp-image-951\" alt=\"\" srcset=\"https:\/\/courdesnobles.com\/wp-content\/uploads\/2020\/03\/lescomp\u00e8res-768x576.jpg 768w, https:\/\/courdesnobles.com\/wp-content\/uploads\/2020\/03\/lescomp\u00e8res-300x225.jpg 300w, https:\/\/courdesnobles.com\/wp-content\/uploads\/2020\/03\/lescomp\u00e8res-400x300.jpg 400w, https:\/\/courdesnobles.com\/wp-content\/uploads\/2020\/03\/lescomp\u00e8res.jpg 960w\" sizes=\"(max-width: 768px) 100vw, 768px\" \/><\/div><\/a>\n\t\t\t\t<div class=\"elementor-post__text\">\n\t\t\t\t<h3 class=\"elementor-post__title\">\n\t\t\t<a href=\"https:\/\/courdesnobles.com\/de\/die-spur-der-aromen\/\" >\n\t\t\t\tDie Strasse der Aromen\t\t\t<\/a>\n\t\t<\/h3>\n\t\t\t\t<div class=\"elementor-post__excerpt\">\n\t\t\t<p>Martine &amp; Denis organisieren jedes Jahr ihren eigenen Weihnachtsmarkt im Cour des Nobles. Dieser Weihnachtsmarkt beherbergt 11 typische Holzchalets, die unter dem Namen \u201eLe Sentier<\/p>\n\t\t<\/div>\n\t\t\n\t\t<a class=\"elementor-post__read-more\" href=\"https:\/\/courdesnobles.com\/de\/die-spur-der-aromen\/\" aria-label=\"Mehr \u00fcber Die Strasse der Aromen\" tabindex=\"-1\" >\n\t\t\tWeiterlesen \"\t\t<\/a>\n\n\t\t\t\t<\/div>\n\t\t\t\t\t<\/div>\n\t\t<\/article>\n\t\t\t\t<\/div>\n\t\t\n\t\t\t\t\t\t<\/div>\n\t\t\t\t<\/div>\n\t\t\t\t\t<\/div>\n\t\t<\/div>\n\t\t\t\t\t<\/div>\n\t\t<\/section>\n\t\t\t\t<\/div>\n\t\t","protected":false},"excerpt":{"rendered":"<p>Nachrichten<\/p>\n","protected":false},"author":1,"featured_media":1695,"parent":0,"menu_order":0,"comment_status":"closed","ping_status":"closed","template":"","meta":{"_acf_changed":false,"footnotes":""},"coauthors":[33],"class_list":["post-3441","page","type-page","status-publish","has-post-thumbnail","hentry"],"acf":[],"yoast_head":"<!-- This site is optimized with the Yoast SEO plugin v27.3 - https:\/\/yoast.com\/product\/yoast-seo-wordpress\/ -->\n<title>Nachrichten - Cour des Nobles Riquewihr<\/title>\n<meta name=\"robots\" content=\"index, follow, max-snippet:-1, max-image-preview:large, max-video-preview:-1\" \/>\n<link rel=\"canonical\" href=\"https:\/\/courdesnobles.com\/de\/nachrichten-2\/\" \/>\n<meta property=\"og:locale\" content=\"de_DE\" \/>\n<meta property=\"og:type\" content=\"article\" \/>\n<meta property=\"og:title\" content=\"Nachrichten - Cour des Nobles Riquewihr\" \/>\n<meta property=\"og:description\" content=\"Nachrichten\" \/>\n<meta property=\"og:url\" content=\"https:\/\/courdesnobles.com\/de\/nachrichten-2\/\" \/>\n<meta property=\"og:site_name\" content=\"Cour des Nobles Riquewihr\" \/>\n<meta property=\"article:modified_time\" content=\"2022-08-11T13:36:29+00:00\" \/>\n<meta property=\"og:image\" content=\"https:\/\/courdesnobles.com\/wp-content\/uploads\/2020\/03\/Route-des-vins.jpg\" \/>\n\t<meta property=\"og:image:width\" content=\"992\" \/>\n\t<meta property=\"og:image:height\" content=\"527\" \/>\n\t<meta property=\"og:image:type\" content=\"image\/jpeg\" \/>\n<meta name=\"twitter:card\" content=\"summary_large_image\" \/>\n<meta name=\"twitter:label1\" content=\"Written by\" \/>\n\t<meta name=\"twitter:data1\" content=\"Daniel\" \/>\n<script type=\"application\/ld+json\" class=\"yoast-schema-graph\">{\"@context\":\"https:\\\/\\\/schema.org\",\"@graph\":[{\"@type\":\"WebPage\",\"@id\":\"https:\\\/\\\/courdesnobles.com\\\/de\\\/nachrichten-2\\\/\",\"url\":\"https:\\\/\\\/courdesnobles.com\\\/de\\\/nachrichten-2\\\/\",\"name\":\"Nachrichten - Cour des Nobles Riquewihr\",\"isPartOf\":{\"@id\":\"https:\\\/\\\/courdesnobles.com\\\/#website\"},\"primaryImageOfPage\":{\"@id\":\"https:\\\/\\\/courdesnobles.com\\\/de\\\/nachrichten-2\\\/#primaryimage\"},\"image\":{\"@id\":\"https:\\\/\\\/courdesnobles.com\\\/de\\\/nachrichten-2\\\/#primaryimage\"},\"thumbnailUrl\":\"https:\\\/\\\/courdesnobles.com\\\/wp-content\\\/uploads\\\/2020\\\/03\\\/Route-des-vins.jpg\",\"datePublished\":\"2022-03-16T16:03:20+00:00\",\"dateModified\":\"2022-08-11T13:36:29+00:00\",\"breadcrumb\":{\"@id\":\"https:\\\/\\\/courdesnobles.com\\\/de\\\/nachrichten-2\\\/#breadcrumb\"},\"inLanguage\":\"de\",\"potentialAction\":[{\"@type\":\"ReadAction\",\"target\":[\"https:\\\/\\\/courdesnobles.com\\\/de\\\/nachrichten-2\\\/\"]}]},{\"@type\":\"ImageObject\",\"inLanguage\":\"de\",\"@id\":\"https:\\\/\\\/courdesnobles.com\\\/de\\\/nachrichten-2\\\/#primaryimage\",\"url\":\"https:\\\/\\\/courdesnobles.com\\\/wp-content\\\/uploads\\\/2020\\\/03\\\/Route-des-vins.jpg\",\"contentUrl\":\"https:\\\/\\\/courdesnobles.com\\\/wp-content\\\/uploads\\\/2020\\\/03\\\/Route-des-vins.jpg\",\"width\":992,\"height\":527},{\"@type\":\"BreadcrumbList\",\"@id\":\"https:\\\/\\\/courdesnobles.com\\\/de\\\/nachrichten-2\\\/#breadcrumb\",\"itemListElement\":[{\"@type\":\"ListItem\",\"position\":1,\"name\":\"Accueil\",\"item\":\"https:\\\/\\\/courdesnobles.com\\\/\"},{\"@type\":\"ListItem\",\"position\":2,\"name\":\"Nachrichten\"}]},{\"@type\":\"WebSite\",\"@id\":\"https:\\\/\\\/courdesnobles.com\\\/#website\",\"url\":\"https:\\\/\\\/courdesnobles.com\\\/\",\"name\":\"Cour des Nobles Riquewihr\",\"description\":\"Maison Appartements de vacances\",\"publisher\":{\"@id\":\"https:\\\/\\\/courdesnobles.com\\\/#organization\"},\"potentialAction\":[{\"@type\":\"SearchAction\",\"target\":{\"@type\":\"EntryPoint\",\"urlTemplate\":\"https:\\\/\\\/courdesnobles.com\\\/?s={search_term_string}\"},\"query-input\":{\"@type\":\"PropertyValueSpecification\",\"valueRequired\":true,\"valueName\":\"search_term_string\"}}],\"inLanguage\":\"de\"},{\"@type\":\"Organization\",\"@id\":\"https:\\\/\\\/courdesnobles.com\\\/#organization\",\"name\":\"Cour des Nobles Riquewihr\",\"url\":\"https:\\\/\\\/courdesnobles.com\\\/\",\"logo\":{\"@type\":\"ImageObject\",\"inLanguage\":\"de\",\"@id\":\"https:\\\/\\\/courdesnobles.com\\\/#\\\/schema\\\/logo\\\/image\\\/\",\"url\":\"https:\\\/\\\/courdesnobles.com\\\/wp-content\\\/uploads\\\/2022\\\/03\\\/logo_cour_des_nobles.png\",\"contentUrl\":\"https:\\\/\\\/courdesnobles.com\\\/wp-content\\\/uploads\\\/2022\\\/03\\\/logo_cour_des_nobles.png\",\"width\":800,\"height\":530,\"caption\":\"Cour des Nobles Riquewihr\"},\"image\":{\"@id\":\"https:\\\/\\\/courdesnobles.com\\\/#\\\/schema\\\/logo\\\/image\\\/\"}}]}<\/script>\n<!-- \/ Yoast SEO plugin. -->","yoast_head_json":{"title":"Nachrichten - Cour des Nobles Riquewihr","robots":{"index":"index","follow":"follow","max-snippet":"max-snippet:-1","max-image-preview":"max-image-preview:large","max-video-preview":"max-video-preview:-1"},"canonical":"https:\/\/courdesnobles.com\/de\/nachrichten-2\/","og_locale":"de_DE","og_type":"article","og_title":"Nachrichten - Cour des Nobles Riquewihr","og_description":"Nachrichten","og_url":"https:\/\/courdesnobles.com\/de\/nachrichten-2\/","og_site_name":"Cour des Nobles Riquewihr","article_modified_time":"2022-08-11T13:36:29+00:00","og_image":[{"width":992,"height":527,"url":"https:\/\/courdesnobles.com\/wp-content\/uploads\/2020\/03\/Route-des-vins.jpg","type":"image\/jpeg"}],"twitter_card":"summary_large_image","twitter_misc":{"Written by":"Daniel"},"schema":{"@context":"https:\/\/schema.org","@graph":[{"@type":"WebPage","@id":"https:\/\/courdesnobles.com\/de\/nachrichten-2\/","url":"https:\/\/courdesnobles.com\/de\/nachrichten-2\/","name":"Nachrichten - Cour des Nobles Riquewihr","isPartOf":{"@id":"https:\/\/courdesnobles.com\/#website"},"primaryImageOfPage":{"@id":"https:\/\/courdesnobles.com\/de\/nachrichten-2\/#primaryimage"},"image":{"@id":"https:\/\/courdesnobles.com\/de\/nachrichten-2\/#primaryimage"},"thumbnailUrl":"https:\/\/courdesnobles.com\/wp-content\/uploads\/2020\/03\/Route-des-vins.jpg","datePublished":"2022-03-16T16:03:20+00:00","dateModified":"2022-08-11T13:36:29+00:00","breadcrumb":{"@id":"https:\/\/courdesnobles.com\/de\/nachrichten-2\/#breadcrumb"},"inLanguage":"de","potentialAction":[{"@type":"ReadAction","target":["https:\/\/courdesnobles.com\/de\/nachrichten-2\/"]}]},{"@type":"ImageObject","inLanguage":"de","@id":"https:\/\/courdesnobles.com\/de\/nachrichten-2\/#primaryimage","url":"https:\/\/courdesnobles.com\/wp-content\/uploads\/2020\/03\/Route-des-vins.jpg","contentUrl":"https:\/\/courdesnobles.com\/wp-content\/uploads\/2020\/03\/Route-des-vins.jpg","width":992,"height":527},{"@type":"BreadcrumbList","@id":"https:\/\/courdesnobles.com\/de\/nachrichten-2\/#breadcrumb","itemListElement":[{"@type":"ListItem","position":1,"name":"Accueil","item":"https:\/\/courdesnobles.com\/"},{"@type":"ListItem","position":2,"name":"Nachrichten"}]},{"@type":"WebSite","@id":"https:\/\/courdesnobles.com\/#website","url":"https:\/\/courdesnobles.com\/","name":"Cour des Nobles Riquewihr","description":"Maison Appartements de vacances","publisher":{"@id":"https:\/\/courdesnobles.com\/#organization"},"potentialAction":[{"@type":"SearchAction","target":{"@type":"EntryPoint","urlTemplate":"https:\/\/courdesnobles.com\/?s={search_term_string}"},"query-input":{"@type":"PropertyValueSpecification","valueRequired":true,"valueName":"search_term_string"}}],"inLanguage":"de"},{"@type":"Organization","@id":"https:\/\/courdesnobles.com\/#organization","name":"Cour des Nobles Riquewihr","url":"https:\/\/courdesnobles.com\/","logo":{"@type":"ImageObject","inLanguage":"de","@id":"https:\/\/courdesnobles.com\/#\/schema\/logo\/image\/","url":"https:\/\/courdesnobles.com\/wp-content\/uploads\/2022\/03\/logo_cour_des_nobles.png","contentUrl":"https:\/\/courdesnobles.com\/wp-content\/uploads\/2022\/03\/logo_cour_des_nobles.png","width":800,"height":530,"caption":"Cour des Nobles Riquewihr"},"image":{"@id":"https:\/\/courdesnobles.com\/#\/schema\/logo\/image\/"}}]}},"_links":{"self":[{"href":"https:\/\/courdesnobles.com\/de\/wp-json\/wp\/v2\/pages\/3441","targetHints":{"allow":["GET"]}}],"collection":[{"href":"https:\/\/courdesnobles.com\/de\/wp-json\/wp\/v2\/pages"}],"about":[{"href":"https:\/\/courdesnobles.com\/de\/wp-json\/wp\/v2\/types\/page"}],"author":[{"embeddable":true,"href":"https:\/\/courdesnobles.com\/de\/wp-json\/wp\/v2\/users\/1"}],"replies":[{"embeddable":true,"href":"https:\/\/courdesnobles.com\/de\/wp-json\/wp\/v2\/comments?post=3441"}],"version-history":[{"count":1,"href":"https:\/\/courdesnobles.com\/de\/wp-json\/wp\/v2\/pages\/3441\/revisions"}],"predecessor-version":[{"id":3442,"href":"https:\/\/courdesnobles.com\/de\/wp-json\/wp\/v2\/pages\/3441\/revisions\/3442"}],"wp:featuredmedia":[{"embeddable":true,"href":"https:\/\/courdesnobles.com\/de\/wp-json\/wp\/v2\/media\/1695"}],"wp:attachment":[{"href":"https:\/\/courdesnobles.com\/de\/wp-json\/wp\/v2\/media?parent=3441"}],"wp:term":[{"taxonomy":"author","embeddable":true,"href":"https:\/\/courdesnobles.com\/de\/wp-json\/wp\/v2\/coauthors?post=3441"}],"curies":[{"name":"wp","href":"https:\/\/api.w.org\/{rel}","templated":true}]}}